{"id":126,"date":"2019-01-16T20:53:24","date_gmt":"2019-01-17T02:53:24","guid":{"rendered":"http:\/\/giljimenezcoach.com.mx\/?page_id=126"},"modified":"2024-10-09T12:56:32","modified_gmt":"2024-10-09T18:56:32","slug":"cursos-en-linea","status":"publish","type":"page","link":"https:\/\/giljimenezcoach.com.mx\/?page_id=126","title":{"rendered":"Talleres"},"content":{"rendered":"<p>\u00a1Prep\u00e1rate para transformar tu vida con el taller &#8220;Vive en Gratitud 37&#8221;! Este emocionante viaje de 28 d\u00edas, guiado por el experto en Programaci\u00f3n Neuroling\u00fc\u00edstica (PNL), Gilberto Jim\u00e9nez, te invita a sumergirte en el poder de la gratitud. A trav\u00e9s de este taller, experimentar\u00e1s una serie de actividades dise\u00f1adas para amplificar tu aprecio por la vida y manifestar resultados sorprendentes. Cada d\u00eda, recibir\u00e1s mensajes inspiradores y ejercicios pr\u00e1cticos directamente en tu WhatsApp, facilitando un camino accesible y sin costo para tu crecimiento personal.<\/p>\n<p>Liga para que te unas:<\/p>\n<p>https:\/\/chat.whatsapp.com\/KuBdI4k5uw26z5OIflQsak<\/p>\n<div class='share-to-whatsapp-wrapper'><div class='share-on-whsp'>Share on: <\/div><a data-text='Talleres' data-link='https:\/\/giljimenezcoach.com.mx\/?page_id=126' class='whatsapp-button whatsapp-share'>WhatsApp<\/a><div class='clear '><\/div><\/div>","protected":false},"excerpt":{"rendered":"<p>\u00a1Prep\u00e1rate para transformar tu vida con el taller &#8220;Vive en Gratitud 37&#8221;! Este emocionante viaje de 28 d\u00edas, guiado por el experto en Programaci\u00f3n Neuroling\u00fc\u00edstica (PNL), Gilberto Jim\u00e9nez, te invita &hellip; <\/p>\n","protected":false},"author":1,"featured_media":1081,"parent":0,"menu_order":0,"comment_status":"open","ping_status":"closed","template":"","meta":{"googlesitekit_rrm_CAow6fTbCw:productID":"","footnotes":""},"class_list":["post-126","page","type-page","status-publish","has-post-thumbnail","hentry"],"_links":{"self":[{"href":"https:\/\/giljimenezcoach.com.mx\/index.php?rest_route=\/wp\/v2\/pages\/126","targetHints":{"allow":["GET"]}}],"collection":[{"href":"https:\/\/giljimenezcoach.com.mx\/index.php?rest_route=\/wp\/v2\/pages"}],"about":[{"href":"https:\/\/giljimenezcoach.com.mx\/index.php?rest_route=\/wp\/v2\/types\/page"}],"author":[{"embeddable":true,"href":"https:\/\/giljimenezcoach.com.mx\/index.php?rest_route=\/wp\/v2\/users\/1"}],"replies":[{"embeddable":true,"href":"https:\/\/giljimenezcoach.com.mx\/index.php?rest_route=%2Fwp%2Fv2%2Fcomments&post=126"}],"version-history":[{"count":16,"href":"https:\/\/giljimenezcoach.com.mx\/index.php?rest_route=\/wp\/v2\/pages\/126\/revisions"}],"predecessor-version":[{"id":1083,"href":"https:\/\/giljimenezcoach.com.mx\/index.php?rest_route=\/wp\/v2\/pages\/126\/revisions\/1083"}],"wp:featuredmedia":[{"embeddable":true,"href":"https:\/\/giljimenezcoach.com.mx\/index.php?rest_route=\/wp\/v2\/media\/1081"}],"wp:attachment":[{"href":"https:\/\/giljimenezcoach.com.mx\/index.php?rest_route=%2Fwp%2Fv2%2Fmedia&parent=126"}],"curies":[{"name":"wp","href":"https:\/\/api.w.org\/{rel}","templated":true}]}}